{"id":10,"date":"2011-03-18T16:07:52","date_gmt":"2011-03-18T15:07:52","guid":{"rendered":"http:\/\/www.marti-racing.ch\/?page_id=10"},"modified":"2024-01-15T22:38:02","modified_gmt":"2024-01-15T21:38:02","slug":"team","status":"publish","type":"page","link":"https:\/\/www.marti-racing.ch\/?page_id=10","title":{"rendered":"Team"},"content":{"rendered":"<h2><span style=\"font-size: large;\">Roger Marti<\/span><\/h2>\n<p>Schrauber \/ Motorenm\u00f6rder<a href=\"https:\/\/www.marti-racing.ch\/wp-content\/uploads\/2023\/06\/Roger.jpg\" rel=\"lightbox[10]\"><img loading=\"lazy\" decoding=\"async\" class=\"alignright wp-image-2286 \" src=\"https:\/\/www.marti-racing.ch\/wp-content\/uploads\/2023\/06\/Roger.jpg\" alt=\"\" width=\"180\" height=\"240\" srcset=\"https:\/\/www.marti-racing.ch\/wp-content\/uploads\/2023\/06\/Roger.jpg 768w, https:\/\/www.marti-racing.ch\/wp-content\/uploads\/2023\/06\/Roger-225x300.jpg 225w\" sizes=\"auto, (max-width: 180px) 100vw, 180px\" \/><\/a><br>Fotograf<\/p>\n<p><em>f\u00e4hrt einen: Opel Vivaro&nbsp;<\/em><\/p>\n<p><strong>Spruch: <\/strong>Nein!<\/p>\n<hr style=\"height: 1px; width: 100%;\" size=\"1\">\n<h2><span style=\"font-size: large;\">Yves Marti<a href=\"https:\/\/www.marti-racing.ch\/wp-content\/uploads\/2023\/06\/Yves.jpg\" rel=\"lightbox[10]\"><img loading=\"lazy\" decoding=\"async\" class=\"alignright wp-image-2287 \" src=\"https:\/\/www.marti-racing.ch\/wp-content\/uploads\/2023\/06\/Yves.jpg\" alt=\"\" width=\"180\" height=\"240\" srcset=\"https:\/\/www.marti-racing.ch\/wp-content\/uploads\/2023\/06\/Yves.jpg 768w, https:\/\/www.marti-racing.ch\/wp-content\/uploads\/2023\/06\/Yves-225x300.jpg 225w\" sizes=\"auto, (max-width: 180px) 100vw, 180px\" \/><\/a><\/span><\/h2>\n<p>Schrauber<br>Familienvater<\/p>\n<p><em> f\u00e4hrt einen: Citro\u00ebn&nbsp;<\/em><\/p>\n<p><strong>Spruch: <\/strong>Nix verstehen, anderes Baustelle!<\/p>\n<hr style=\"height: 1px; width: 100%;\" size=\"1\">\n<h2><span style=\"font-size: large;\">Flavio Marinelli<a href=\"https:\/\/www.marti-racing.ch\/wp-content\/uploads\/2023\/06\/Flaevu.jpg\" rel=\"lightbox[10]\"><img loading=\"lazy\" decoding=\"async\" class=\"alignright wp-image-2285 \" src=\"https:\/\/www.marti-racing.ch\/wp-content\/uploads\/2023\/06\/Flaevu.jpg\" alt=\"\" width=\"180\" height=\"240\" srcset=\"https:\/\/www.marti-racing.ch\/wp-content\/uploads\/2023\/06\/Flaevu.jpg 768w, https:\/\/www.marti-racing.ch\/wp-content\/uploads\/2023\/06\/Flaevu-225x300.jpg 225w\" sizes=\"auto, (max-width: 180px) 100vw, 180px\" \/><\/a><\/span><\/h2>\n<p>Italiener<br>Betriebsbremse<\/p>\n<p><em> f\u00e4hrt einen: F\u00f6\u00f6rd M\u00f6\u00f6nde\u00f6<\/em><\/p>\n<p><strong>Spruch: <\/strong>2x Pizza &amp; 1x Kebab mit bizeli Scharf, aber Pronto!<\/p>\n<p>&nbsp;<\/p>\n<p>&nbsp;<\/p>\n<hr>\n<p>&nbsp;<\/p>\n\n<div class=\"wp-block-image\">\n<figure class=\"aligncenter size-full\"><a href=\"https:\/\/www.marti-racing.ch\/wp-content\/uploads\/2023\/06\/Team_YRF-e1687804205331.jpg\" rel=\"lightbox[10]\"><img loading=\"lazy\" decoding=\"async\" width=\"768\" height=\"576\" src=\"https:\/\/www.marti-racing.ch\/wp-content\/uploads\/2023\/06\/Team_YRF-e1687804205331.jpg\" alt=\"\" class=\"wp-image-2284\" srcset=\"https:\/\/www.marti-racing.ch\/wp-content\/uploads\/2023\/06\/Team_YRF-e1687804205331.jpg 768w, https:\/\/www.marti-racing.ch\/wp-content\/uploads\/2023\/06\/Team_YRF-e1687804205331-300x225.jpg 300w\" sizes=\"auto, (max-width: 768px) 100vw, 768px\" \/><\/a><\/figure>\n<\/div>","protected":false},"excerpt":{"rendered":"<p>Roger Marti Schrauber \/ Motorenm\u00f6rderFotograf f\u00e4hrt einen: Opel Vivaro&nbsp; Spruch: Nein! Yves Marti SchrauberFamilienvater f\u00e4hrt einen: Citro\u00ebn&nbsp; Spruch: Nix verstehen, anderes Baustelle! Flavio Marinelli ItalienerBetriebsbremse f\u00e4hrt einen: F\u00f6\u00f6rd M\u00f6\u00f6nde\u00f6 Spruch: 2x Pizza &amp; 1x Kebab mit bizeli Scharf, aber Pronto! &nbsp; &nbsp; &nbsp;<\/p>\n","protected":false},"author":3,"featured_media":0,"parent":0,"menu_order":1,"comment_status":"closed","ping_status":"closed","template":"","meta":{"ngg_post_thumbnail":0,"_themeisle_gutenberg_block_has_review":false,"footnotes":""},"class_list":["post-10","page","type-page","status-publish","hentry"],"_links":{"self":[{"href":"https:\/\/www.marti-racing.ch\/index.php?rest_route=\/wp\/v2\/pages\/10","targetHints":{"allow":["GET"]}}],"collection":[{"href":"https:\/\/www.marti-racing.ch\/index.php?rest_route=\/wp\/v2\/pages"}],"about":[{"href":"https:\/\/www.marti-racing.ch\/index.php?rest_route=\/wp\/v2\/types\/page"}],"author":[{"embeddable":true,"href":"https:\/\/www.marti-racing.ch\/index.php?rest_route=\/wp\/v2\/users\/3"}],"replies":[{"embeddable":true,"href":"https:\/\/www.marti-racing.ch\/index.php?rest_route=%2Fwp%2Fv2%2Fcomments&post=10"}],"version-history":[{"count":62,"href":"https:\/\/www.marti-racing.ch\/index.php?rest_route=\/wp\/v2\/pages\/10\/revisions"}],"predecessor-version":[{"id":2314,"href":"https:\/\/www.marti-racing.ch\/index.php?rest_route=\/wp\/v2\/pages\/10\/revisions\/2314"}],"wp:attachment":[{"href":"https:\/\/www.marti-racing.ch\/index.php?rest_route=%2Fwp%2Fv2%2Fmedia&parent=10"}],"curies":[{"name":"wp","href":"https:\/\/api.w.org\/{rel}","templated":true}]}}