{"id":12,"date":"2011-03-18T16:07:52","date_gmt":"2011-03-18T15:07:52","guid":{"rendered":"http:\/\/www.marti-racing.ch\/?page_id=12"},"modified":"2023-01-11T20:46:07","modified_gmt":"2023-01-11T19:46:07","slug":"sponsoren","status":"publish","type":"page","link":"https:\/\/www.marti-racing.ch\/?page_id=12","title":{"rendered":"Sponsoren"},"content":{"rendered":"\n<p><strong>An dieser Stelle m\u00f6chten wir uns bei all unseren Sponsoren bedanken!<\/strong><br><strong> Ohne Sie w\u00e4re dies nicht m\u00f6glich!<\/strong><\/p>\n\n\n\n<p><strong>Auch den G\u00f6nnern und Helfern gilt ein Herzlicher dank!<\/strong><\/p>\n\n\n\n<p><a href=\"https:\/\/www.marti-racing.ch\/wp-content\/uploads\/2019\/06\/Schwendi-Neu.jpg\" rel=\"lightbox[12]\"><img loading=\"lazy\" decoding=\"async\" class=\"wp-image-859 aligncenter\" src=\"https:\/\/www.marti-racing.ch\/wp-content\/uploads\/2019\/06\/Schwendi-Neu.jpg\" alt=\"\" width=\"735\" height=\"467\" srcset=\"https:\/\/www.marti-racing.ch\/wp-content\/uploads\/2019\/06\/Schwendi-Neu.jpg 4304w, https:\/\/www.marti-racing.ch\/wp-content\/uploads\/2019\/06\/Schwendi-Neu-300x191.jpg 300w, https:\/\/www.marti-racing.ch\/wp-content\/uploads\/2019\/06\/Schwendi-Neu-768x488.jpg 768w, https:\/\/www.marti-racing.ch\/wp-content\/uploads\/2019\/06\/Schwendi-Neu-1024x651.jpg 1024w\" sizes=\"auto, (max-width: 735px) 100vw, 735px\" \/><\/a><\/p>\n<p>&nbsp;<\/p>\n<p><a href=\"https:\/\/www.marti-racing.ch\/wp-content\/uploads\/2019\/05\/image-4.jpg\" rel=\"lightbox[12]\"><img loading=\"lazy\" decoding=\"async\" class=\"wp-image-848 aligncenter\" src=\"https:\/\/www.marti-racing.ch\/wp-content\/uploads\/2019\/05\/image-4.jpg\" alt=\"\" width=\"731\" height=\"312\" srcset=\"https:\/\/www.marti-racing.ch\/wp-content\/uploads\/2019\/05\/image-4.jpg 469w, https:\/\/www.marti-racing.ch\/wp-content\/uploads\/2019\/05\/image-4-300x128.jpg 300w\" sizes=\"auto, (max-width: 731px) 100vw, 731px\" \/><\/a><\/p>\n<p>&nbsp;<\/p>\n<p><a href=\"https:\/\/www.marti-racing.ch\/wp-content\/uploads\/2011\/03\/werbunghauri.jpg\" rel=\"lightbox[12]\"><img loading=\"lazy\" decoding=\"async\" class=\"wp-image-746 aligncenter\" src=\"https:\/\/www.marti-racing.ch\/wp-content\/uploads\/2011\/03\/werbunghauri.jpg\" alt=\"\" width=\"721\" height=\"361\" srcset=\"https:\/\/www.marti-racing.ch\/wp-content\/uploads\/2011\/03\/werbunghauri.jpg 685w, https:\/\/www.marti-racing.ch\/wp-content\/uploads\/2011\/03\/werbunghauri-300x150.jpg 300w\" sizes=\"auto, (max-width: 721px) 100vw, 721px\" \/><\/a> <a href=\"https:\/\/www.marti-racing.ch\/wp-content\/uploads\/2011\/03\/werbromy.jpg\" rel=\"lightbox[12]\"><img loading=\"lazy\" decoding=\"async\" class=\"wp-image-745 aligncenter\" src=\"https:\/\/www.marti-racing.ch\/wp-content\/uploads\/2011\/03\/werbromy.jpg\" alt=\"\" width=\"723\" height=\"362\" srcset=\"https:\/\/www.marti-racing.ch\/wp-content\/uploads\/2011\/03\/werbromy.jpg 685w, https:\/\/www.marti-racing.ch\/wp-content\/uploads\/2011\/03\/werbromy-300x150.jpg 300w\" sizes=\"auto, (max-width: 723px) 100vw, 723px\" \/><\/a><\/p>\n<p>&nbsp;<\/p>\n<p><a href=\"https:\/\/www.marti-racing.ch\/wp-content\/uploads\/2011\/03\/AC-kehrsatz-OE-mit.jpg\" rel=\"lightbox[12]\"><img loading=\"lazy\" decoding=\"async\" class=\" wp-image-717 aligncenter\" src=\"https:\/\/www.marti-racing.ch\/wp-content\/uploads\/2011\/03\/AC-kehrsatz-OE-mit.jpg\" alt=\"\" width=\"770\" height=\"415\" srcset=\"https:\/\/www.marti-racing.ch\/wp-content\/uploads\/2011\/03\/AC-kehrsatz-OE-mit.jpg 1792w, https:\/\/www.marti-racing.ch\/wp-content\/uploads\/2011\/03\/AC-kehrsatz-OE-mit-300x162.jpg 300w, https:\/\/www.marti-racing.ch\/wp-content\/uploads\/2011\/03\/AC-kehrsatz-OE-mit-1024x553.jpg 1024w\" sizes=\"auto, (max-width: 770px) 100vw, 770px\" \/><\/a><\/p>\n<p><a href=\"https:\/\/www.marti-racing.ch\/wp-content\/uploads\/2011\/03\/sponsor-d2.jpg\" rel=\"lightbox[12]\"><img loading=\"lazy\" decoding=\"async\" class=\"wp-image-50 aligncenter\" src=\"https:\/\/www.marti-racing.ch\/wp-content\/uploads\/2011\/03\/sponsor-d2.jpg\" alt=\"http:\/\/www.d2racingsport.ch\" width=\"747\" height=\"139\" srcset=\"https:\/\/www.marti-racing.ch\/wp-content\/uploads\/2011\/03\/sponsor-d2.jpg 500w, https:\/\/www.marti-racing.ch\/wp-content\/uploads\/2011\/03\/sponsor-d2-300x55.jpg 300w\" sizes=\"auto, (max-width: 747px) 100vw, 747px\" \/><\/a><\/p>\n<p><a href=\"https:\/\/www.marti-racing.ch\/wp-content\/uploads\/2014\/06\/558705_339513559470710_493727322_n.jpg\" rel=\"lightbox[12]\"><img loading=\"lazy\" decoding=\"async\" class=\"wp-image-609 aligncenter\" src=\"https:\/\/www.marti-racing.ch\/wp-content\/uploads\/2014\/06\/558705_339513559470710_493727322_n.jpg\" alt=\"\" width=\"810\" height=\"297\" srcset=\"https:\/\/www.marti-racing.ch\/wp-content\/uploads\/2014\/06\/558705_339513559470710_493727322_n.jpg 960w, https:\/\/www.marti-racing.ch\/wp-content\/uploads\/2014\/06\/558705_339513559470710_493727322_n-300x110.jpg 300w\" sizes=\"auto, (max-width: 810px) 100vw, 810px\" \/><\/a><\/p>\n","protected":false},"excerpt":{"rendered":"<p>An dieser Stelle m\u00f6chten wir uns bei all unseren Sponsoren bedanken! Ohne Sie w\u00e4re dies nicht m\u00f6glich! Auch den G\u00f6nnern und Helfern gilt ein Herzlicher dank! &nbsp; &nbsp; &nbsp;<\/p>\n","protected":false},"author":3,"featured_media":0,"parent":0,"menu_order":4,"comment_status":"closed","ping_status":"closed","template":"","meta":{"ngg_post_thumbnail":0,"_themeisle_gutenberg_block_has_review":false,"footnotes":""},"class_list":["post-12","page","type-page","status-publish","hentry"],"_links":{"self":[{"href":"https:\/\/www.marti-racing.ch\/index.php?rest_route=\/wp\/v2\/pages\/12","targetHints":{"allow":["GET"]}}],"collection":[{"href":"https:\/\/www.marti-racing.ch\/index.php?rest_route=\/wp\/v2\/pages"}],"about":[{"href":"https:\/\/www.marti-racing.ch\/index.php?rest_route=\/wp\/v2\/types\/page"}],"author":[{"embeddable":true,"href":"https:\/\/www.marti-racing.ch\/index.php?rest_route=\/wp\/v2\/users\/3"}],"replies":[{"embeddable":true,"href":"https:\/\/www.marti-racing.ch\/index.php?rest_route=%2Fwp%2Fv2%2Fcomments&post=12"}],"version-history":[{"count":47,"href":"https:\/\/www.marti-racing.ch\/index.php?rest_route=\/wp\/v2\/pages\/12\/revisions"}],"predecessor-version":[{"id":2272,"href":"https:\/\/www.marti-racing.ch\/index.php?rest_route=\/wp\/v2\/pages\/12\/revisions\/2272"}],"wp:attachment":[{"href":"https:\/\/www.marti-racing.ch\/index.php?rest_route=%2Fwp%2Fv2%2Fmedia&parent=12"}],"curies":[{"name":"wp","href":"https:\/\/api.w.org\/{rel}","templated":true}]}}